{"id":16916,"date":"2021-12-08T22:35:42","date_gmt":"2021-12-09T03:35:42","guid":{"rendered":"https:\/\/cam-global.org\/photo-expo_home\/"},"modified":"2023-10-18T16:26:56","modified_gmt":"2023-10-18T20:26:56","slug":"photo-expo_home","status":"publish","type":"page","link":"https:\/\/cam-global.org\/fr\/","title":{"rendered":"ACCUEIL"},"content":{"rendered":"<div class=\"wpb-content-wrapper\"><p>[vc_row content_placement=\u00a0\u00bbtop\u00a0\u00bb fullwidth=\u00a0\u00bbtrue\u00a0\u00bb awb_type=\u00a0\u00bbcolor\u00a0\u00bb awb_color=\u00a0\u00bb#000000&Prime;][vc_column offset=\u00a0\u00bbvc_col-lg-offset-0 vc_col-lg-12 vc_col-md-offset-0 vc_col-sm-offset-0&Prime;][vc_row_inner css=\u00a0\u00bb.vc_custom_1668624393610{background-color: #000000 !important;}\u00a0\u00bb][vc_column_inner width=\u00a0\u00bb3\/12&Prime;][\/vc_column_inner][vc_column_inner width=\u00a0\u00bb6\/12&Prime;][vc_single_image image=\u00a0\u00bb17720&Prime; img_size=\u00a0\u00bbmedium\u00a0\u00bb alignment=\u00a0\u00bbcenter\u00a0\u00bb css_animation=\u00a0\u00bbslideInLeft\u00a0\u00bb css=\u00a0\u00bb.vc_custom_1668638502093{margin-bottom: 0px !important;padding-right: 10px !important;padding-left: 10px !important;}\u00a0\u00bb][\/vc_column_inner][vc_column_inner width=\u00a0\u00bb3\/12&Prime;][\/vc_column_inner][\/vc_row_inner]<div class=\"nk-awb  vc_custom_1668624408953\" >[vc_row_inner css=\u00a0\u00bb.vc_custom_1668624539627{margin-bottom: 0px !important;}\u00a0\u00bb][vc_column_inner width=\u00a0\u00bb1\/12&Prime;][\/vc_column_inner][vc_column_inner width=\u00a0\u00bb10\/12&Prime;][vc_single_image image=\u00a0\u00bb17369&Prime; img_size=\u00a0\u00bbfull\u00a0\u00bb alignment=\u00a0\u00bbcenter\u00a0\u00bb onclick=\u00a0\u00bbcustom_link\u00a0\u00bb css_animation=\u00a0\u00bbslideInRight\u00a0\u00bb css=\u00a0\u00bb.vc_custom_1647050483099{padding-top: 10px !important;}\u00a0\u00bb link=\u00a0\u00bbhttps:\/\/cam-global.org\/fr\/photo-expo_somalia\/\u00a0\u00bb][vc_single_image image=\u00a0\u00bb16852&Prime; img_size=\u00a0\u00bbfull\u00a0\u00bb alignment=\u00a0\u00bbcenter\u00a0\u00bb onclick=\u00a0\u00bbcustom_link\u00a0\u00bb css_animation=\u00a0\u00bbslideInLeft\u00a0\u00bb css=\u00a0\u00bb.vc_custom_1647050473136{padding-top: 10px !important;}\u00a0\u00bb link=\u00a0\u00bbhttps:\/\/cam-global.org\/fr\/photo-expo_saj-fanm-pou-fanm\/\u00a0\u00bb][vc_single_image image=\u00a0\u00bb16966&Prime; img_size=\u00a0\u00bbfull\u00a0\u00bb alignment=\u00a0\u00bbcenter\u00a0\u00bb onclick=\u00a0\u00bbcustom_link\u00a0\u00bb css_animation=\u00a0\u00bbslideInLeft\u00a0\u00bb css=\u00a0\u00bb.vc_custom_1647050493611{padding-top: 10px !important;}\u00a0\u00bb link=\u00a0\u00bbhttps:\/\/cam-global.org\/fr\/photo-expo-south-sudan\/\u00a0\u00bb][\/vc_column_inner][vc_column_inner width=\u00a0\u00bb1\/12&Prime;][\/vc_column_inner][\/vc_row_inner]<div class=\"nk-awb-wrap\" data-awb-type=\"color\" data-awb-image-background-size=\"cover\" data-awb-image-background-position=\"50% 50%\"><div class=\"nk-awb-overlay\" style=\"background-color: #000000;\"><\/div><div  class=\"nk-awb-inner\"><\/div><\/div><\/div>[vc_row_inner css=\u00a0\u00bb.vc_custom_1669072826489{margin-top: -30px !important;margin-bottom: 30px !important;background-color: #000000 !important;}\u00a0\u00bb][vc_column_inner width=\u00a0\u00bb2\/12&Prime;][\/vc_column_inner][vc_column_inner width=\u00a0\u00bb8\/12&Prime;][vc_custom_heading text=\u00a0\u00bbD\u00e9couvrez comment les sages-femmes et les infirmi\u00e8res sauvent des vies \u00e0 la Somalie et le Somaliland, en Ha\u00efti, et au Soudan du Sud.\u00a0\u00bb font_container=\u00a0\u00bbtag:h1|font_size:30|text_align:center|color:%2317a1dc|line_height:1.2&Prime; google_fonts=\u00a0\u00bbfont_family:Oswald%3A300%2Cregular%2C700|font_style:400%20regular%3A400%3Anormal\u00a0\u00bb css_animation=\u00a0\u00bbslideInUp\u00a0\u00bb css=\u00a0\u00bb.vc_custom_1669072819708{margin-bottom: 20px !important;padding-right: 30px !important;padding-left: 30px !important;}\u00a0\u00bb][\/vc_column_inner][vc_column_inner width=\u00a0\u00bb2\/12&Prime;][\/vc_column_inner][\/vc_row_inner][vc_separator color=\u00a0\u00bbcustom\u00a0\u00bb style=\u00a0\u00bbdotted\u00a0\u00bb border_width=\u00a0\u00bb6&Prime; accent_color=\u00a0\u00bbrgba(255,205,81,0.36)\u00a0\u00bb css=\u00a0\u00bb.vc_custom_1646234158661{margin-bottom: 10px !important;}\u00a0\u00bb][vc_row_inner css=\u00a0\u00bb.vc_custom_1639031163106{padding-bottom: 70px !important;background-color: #000000 !important;}\u00a0\u00bb][vc_column_inner width=\u00a0\u00bb3\/12&Prime;][\/vc_column_inner][vc_column_inner width=\u00a0\u00bb3\/12&Prime;][vc_column_text css_animation=\u00a0\u00bbnone\u00a0\u00bb css=\u00a0\u00bb.vc_custom_1647050584776{margin-right: 20px !important;margin-bottom: 40px !important;margin-left: 20px !important;border-top-width: 2px !important;border-right-width: 2px !important;border-bottom-width: 2px !important;border-left-width: 2px !important;padding-top: 10px !important;padding-right: 10px !important;padding-bottom: 15px !important;padding-left: 10px !important;border-left-color: #575757 !important;border-left-style: solid !important;border-right-color: #575757 !important;border-right-style: solid !important;border-top-color: #575757 !important;border-top-style: solid !important;border-bottom-color: #575757 !important;border-bottom-style: solid !important;border-radius: 35px !important;}\u00a0\u00bb]<\/p>\n<h2 style=\"text-align: center;\"><a href=\"https:\/\/cam-global.org\/\"><span style=\"color: #575757;\">english<\/span><\/a><\/h2>\n<p>[\/vc_column_text][\/vc_column_inner][vc_column_inner width=\u00a0\u00bb3\/12&Prime;][vc_single_image image=\u00a0\u00bb17619&Prime; img_size=\u00a0\u00bbmedium\u00a0\u00bb alignment=\u00a0\u00bbcenter\u00a0\u00bb onclick=\u00a0\u00bbcustom_link\u00a0\u00bb img_link_target=\u00a0\u00bb_blank\u00a0\u00bb link=\u00a0\u00bbhttps:\/\/canadianmidwives.org\/fr\/mondial\/\u00a0\u00bb css=\u00a0\u00bb.vc_custom_1649276797876{margin-top: 0px !important;margin-bottom: 0px !important;padding-top: 0px !important;padding-right: 20px !important;padding-bottom: 20px !important;padding-left: 20px !important;}\u00a0\u00bb][\/vc_column_inner][vc_column_inner width=\u00a0\u00bb3\/12&Prime;][\/vc_column_inner][\/vc_row_inner][\/vc_column][\/vc_row]<\/p>\n<\/div>","protected":false},"excerpt":{"rendered":"<p>D\u00e9couvrez comment les sages&#8209;femmes et les infirmi\u00e8res sauvent des vies \u00e0 la Somalie et le Somaliland, en Ha\u00efti, et au Soudan&nbsp;du&nbsp;Sud.<\/p>\n","protected":false},"author":6,"featured_media":17531,"parent":0,"menu_order":10,"comment_status":"closed","ping_status":"closed","template":"","meta":{"iawp_total_views":97,"footnotes":""},"class_list":["post-16916","page","type-page","status-publish","has-post-thumbnail","hentry"],"yoast_head":"<!-- This site is optimized with the Yoast SEO plugin v25.4 - https:\/\/yoast.com\/wordpress\/plugins\/seo\/ -->\n<title>CAM Global<\/title>\n<meta name=\"description\" content=\"D\u00e9couvrez comment les sages-femmes et les infirmi\u00e8res sauvent des vies \u00e0 la Somalie et le Somaliland, en Ha\u00efti, et au Soudan du Sud.\" \/>\n<meta name=\"robots\" content=\"index, follow, max-snippet:-1, max-image-preview:large, max-video-preview:-1\" \/>\n<link rel=\"canonical\" href=\"https:\/\/cam-global.org\/fr\/\" \/>\n<meta property=\"og:locale\" content=\"fr_FR\" \/>\n<meta property=\"og:type\" content=\"article\" \/>\n<meta property=\"og:title\" content=\"ACSF Mondial\" \/>\n<meta property=\"og:description\" content=\"D\u00e9couvrez comment les sages-femmes et les infirmi\u00e8res sauvent des vies \u00e0 la Somalie et le Somaliland, en Ha\u00efti, et au Soudan du Sud.\" \/>\n<meta property=\"og:url\" content=\"https:\/\/cam-global.org\/fr\/\" \/>\n<meta property=\"og:site_name\" content=\"CAM Global\" \/>\n<meta property=\"article:modified_time\" content=\"2023-10-18T20:26:56+00:00\" \/>\n<meta property=\"og:image\" content=\"https:\/\/cam-global.org\/wp-content\/uploads\/2022\/02\/Global_HOME-expo-square-F-1.jpg\" \/>\n\t<meta property=\"og:image:width\" content=\"1280\" \/>\n\t<meta property=\"og:image:height\" content=\"668\" \/>\n\t<meta property=\"og:image:type\" content=\"image\/jpeg\" \/>\n<meta name=\"twitter:card\" content=\"summary_large_image\" \/>\n<meta name=\"twitter:title\" content=\"ACSF Mondial\" \/>\n<meta name=\"twitter:description\" content=\"D\u00e9couvrez comment les sages-femmes et les infirmi\u00e8res sauvent des vies \u00e0 la Somalie et le Somaliland, en Ha\u00efti, et au Soudan du Sud.\" \/>\n<meta name=\"twitter:image\" content=\"https:\/\/cam-global.org\/wp-content\/uploads\/2022\/02\/Global_HOME-expo-square-F-1.jpg\" \/>\n<meta name=\"twitter:label1\" content=\"Dur\u00e9e de lecture estim\u00e9e\" \/>\n\t<meta name=\"twitter:data1\" content=\"1 minute\" \/>\n<script type=\"application\/ld+json\" class=\"yoast-schema-graph\">{\"@context\":\"https:\/\/schema.org\",\"@graph\":[{\"@type\":\"WebPage\",\"@id\":\"https:\/\/cam-global.org\/fr\/\",\"url\":\"https:\/\/cam-global.org\/fr\/\",\"name\":\"CAM Global\",\"isPartOf\":{\"@id\":\"https:\/\/cam-global.org\/#website\"},\"primaryImageOfPage\":{\"@id\":\"https:\/\/cam-global.org\/fr\/#primaryimage\"},\"image\":{\"@id\":\"https:\/\/cam-global.org\/fr\/#primaryimage\"},\"thumbnailUrl\":\"https:\/\/cam-global.org\/wp-content\/uploads\/2022\/02\/Global_HOME-expo-square-F-1.jpg\",\"datePublished\":\"2021-12-09T03:35:42+00:00\",\"dateModified\":\"2023-10-18T20:26:56+00:00\",\"description\":\"D\u00e9couvrez comment les sages-femmes et les infirmi\u00e8res sauvent des vies \u00e0 la Somalie et le Somaliland, en Ha\u00efti, et au Soudan du Sud.\",\"breadcrumb\":{\"@id\":\"https:\/\/cam-global.org\/fr\/#breadcrumb\"},\"inLanguage\":\"fr-FR\",\"potentialAction\":[{\"@type\":\"ReadAction\",\"target\":[\"https:\/\/cam-global.org\/fr\/\"]}]},{\"@type\":\"ImageObject\",\"inLanguage\":\"fr-FR\",\"@id\":\"https:\/\/cam-global.org\/fr\/#primaryimage\",\"url\":\"https:\/\/cam-global.org\/wp-content\/uploads\/2022\/02\/Global_HOME-expo-square-F-1.jpg\",\"contentUrl\":\"https:\/\/cam-global.org\/wp-content\/uploads\/2022\/02\/Global_HOME-expo-square-F-1.jpg\",\"width\":1280,\"height\":668},{\"@type\":\"BreadcrumbList\",\"@id\":\"https:\/\/cam-global.org\/fr\/#breadcrumb\",\"itemListElement\":[{\"@type\":\"ListItem\",\"position\":1,\"name\":\"Home\",\"item\":\"https:\/\/cam-global.org\/fr\/\"},{\"@type\":\"ListItem\",\"position\":2,\"name\":\"ACCUEIL\"}]},{\"@type\":\"WebSite\",\"@id\":\"https:\/\/cam-global.org\/#website\",\"url\":\"https:\/\/cam-global.org\/\",\"name\":\"CAM Global\",\"description\":\"Canadian Association of Midwives\",\"publisher\":{\"@id\":\"https:\/\/cam-global.org\/#organization\"},\"potentialAction\":[{\"@type\":\"SearchAction\",\"target\":{\"@type\":\"EntryPoint\",\"urlTemplate\":\"https:\/\/cam-global.org\/?s={search_term_string}\"},\"query-input\":{\"@type\":\"PropertyValueSpecification\",\"valueRequired\":true,\"valueName\":\"search_term_string\"}}],\"inLanguage\":\"fr-FR\"},{\"@type\":\"Organization\",\"@id\":\"https:\/\/cam-global.org\/#organization\",\"name\":\"Canadian Association of Midwives\",\"url\":\"https:\/\/cam-global.org\/\",\"logo\":{\"@type\":\"ImageObject\",\"inLanguage\":\"fr-FR\",\"@id\":\"https:\/\/cam-global.org\/#\/schema\/logo\/image\/\",\"url\":\"https:\/\/cam-global.namcoss.org\/wp-content\/uploads\/2015\/12\/cropped-cam_icon_big_final.png\",\"contentUrl\":\"https:\/\/cam-global.namcoss.org\/wp-content\/uploads\/2015\/12\/cropped-cam_icon_big_final.png\",\"width\":512,\"height\":512,\"caption\":\"Canadian Association of Midwives\"},\"image\":{\"@id\":\"https:\/\/cam-global.org\/#\/schema\/logo\/image\/\"}}]}<\/script>\n<!-- \/ Yoast SEO plugin. -->","yoast_head_json":{"title":"CAM Global","description":"D\u00e9couvrez comment les sages-femmes et les infirmi\u00e8res sauvent des vies \u00e0 la Somalie et le Somaliland, en Ha\u00efti, et au Soudan du Sud.","robots":{"index":"index","follow":"follow","max-snippet":"max-snippet:-1","max-image-preview":"max-image-preview:large","max-video-preview":"max-video-preview:-1"},"canonical":"https:\/\/cam-global.org\/fr\/","og_locale":"fr_FR","og_type":"article","og_title":"ACSF Mondial","og_description":"D\u00e9couvrez comment les sages-femmes et les infirmi\u00e8res sauvent des vies \u00e0 la Somalie et le Somaliland, en Ha\u00efti, et au Soudan du Sud.","og_url":"https:\/\/cam-global.org\/fr\/","og_site_name":"CAM Global","article_modified_time":"2023-10-18T20:26:56+00:00","og_image":[{"width":1280,"height":668,"url":"https:\/\/cam-global.org\/wp-content\/uploads\/2022\/02\/Global_HOME-expo-square-F-1.jpg","type":"image\/jpeg"}],"twitter_card":"summary_large_image","twitter_title":"ACSF Mondial","twitter_description":"D\u00e9couvrez comment les sages-femmes et les infirmi\u00e8res sauvent des vies \u00e0 la Somalie et le Somaliland, en Ha\u00efti, et au Soudan du Sud.","twitter_image":"https:\/\/cam-global.org\/wp-content\/uploads\/2022\/02\/Global_HOME-expo-square-F-1.jpg","twitter_misc":{"Dur\u00e9e de lecture estim\u00e9e":"1 minute"},"schema":{"@context":"https:\/\/schema.org","@graph":[{"@type":"WebPage","@id":"https:\/\/cam-global.org\/fr\/","url":"https:\/\/cam-global.org\/fr\/","name":"CAM Global","isPartOf":{"@id":"https:\/\/cam-global.org\/#website"},"primaryImageOfPage":{"@id":"https:\/\/cam-global.org\/fr\/#primaryimage"},"image":{"@id":"https:\/\/cam-global.org\/fr\/#primaryimage"},"thumbnailUrl":"https:\/\/cam-global.org\/wp-content\/uploads\/2022\/02\/Global_HOME-expo-square-F-1.jpg","datePublished":"2021-12-09T03:35:42+00:00","dateModified":"2023-10-18T20:26:56+00:00","description":"D\u00e9couvrez comment les sages-femmes et les infirmi\u00e8res sauvent des vies \u00e0 la Somalie et le Somaliland, en Ha\u00efti, et au Soudan du Sud.","breadcrumb":{"@id":"https:\/\/cam-global.org\/fr\/#breadcrumb"},"inLanguage":"fr-FR","potentialAction":[{"@type":"ReadAction","target":["https:\/\/cam-global.org\/fr\/"]}]},{"@type":"ImageObject","inLanguage":"fr-FR","@id":"https:\/\/cam-global.org\/fr\/#primaryimage","url":"https:\/\/cam-global.org\/wp-content\/uploads\/2022\/02\/Global_HOME-expo-square-F-1.jpg","contentUrl":"https:\/\/cam-global.org\/wp-content\/uploads\/2022\/02\/Global_HOME-expo-square-F-1.jpg","width":1280,"height":668},{"@type":"BreadcrumbList","@id":"https:\/\/cam-global.org\/fr\/#breadcrumb","itemListElement":[{"@type":"ListItem","position":1,"name":"Home","item":"https:\/\/cam-global.org\/fr\/"},{"@type":"ListItem","position":2,"name":"ACCUEIL"}]},{"@type":"WebSite","@id":"https:\/\/cam-global.org\/#website","url":"https:\/\/cam-global.org\/","name":"CAM Global","description":"Canadian Association of Midwives","publisher":{"@id":"https:\/\/cam-global.org\/#organization"},"potentialAction":[{"@type":"SearchAction","target":{"@type":"EntryPoint","urlTemplate":"https:\/\/cam-global.org\/?s={search_term_string}"},"query-input":{"@type":"PropertyValueSpecification","valueRequired":true,"valueName":"search_term_string"}}],"inLanguage":"fr-FR"},{"@type":"Organization","@id":"https:\/\/cam-global.org\/#organization","name":"Canadian Association of Midwives","url":"https:\/\/cam-global.org\/","logo":{"@type":"ImageObject","inLanguage":"fr-FR","@id":"https:\/\/cam-global.org\/#\/schema\/logo\/image\/","url":"https:\/\/cam-global.namcoss.org\/wp-content\/uploads\/2015\/12\/cropped-cam_icon_big_final.png","contentUrl":"https:\/\/cam-global.namcoss.org\/wp-content\/uploads\/2015\/12\/cropped-cam_icon_big_final.png","width":512,"height":512,"caption":"Canadian Association of Midwives"},"image":{"@id":"https:\/\/cam-global.org\/#\/schema\/logo\/image\/"}}]}},"_links":{"self":[{"href":"https:\/\/cam-global.org\/fr\/wp-json\/wp\/v2\/pages\/16916","targetHints":{"allow":["GET"]}}],"collection":[{"href":"https:\/\/cam-global.org\/fr\/wp-json\/wp\/v2\/pages"}],"about":[{"href":"https:\/\/cam-global.org\/fr\/wp-json\/wp\/v2\/types\/page"}],"author":[{"embeddable":true,"href":"https:\/\/cam-global.org\/fr\/wp-json\/wp\/v2\/users\/6"}],"replies":[{"embeddable":true,"href":"https:\/\/cam-global.org\/fr\/wp-json\/wp\/v2\/comments?post=16916"}],"version-history":[{"count":6,"href":"https:\/\/cam-global.org\/fr\/wp-json\/wp\/v2\/pages\/16916\/revisions"}],"predecessor-version":[{"id":17894,"href":"https:\/\/cam-global.org\/fr\/wp-json\/wp\/v2\/pages\/16916\/revisions\/17894"}],"wp:featuredmedia":[{"embeddable":true,"href":"https:\/\/cam-global.org\/fr\/wp-json\/wp\/v2\/media\/17531"}],"wp:attachment":[{"href":"https:\/\/cam-global.org\/fr\/wp-json\/wp\/v2\/media?parent=16916"}],"curies":[{"name":"wp","href":"https:\/\/api.w.org\/{rel}","templated":true}]}}